{"id":855,"date":"2024-05-01T13:31:47","date_gmt":"2024-05-01T11:31:47","guid":{"rendered":"https:\/\/mediapark.hr\/audio-rental\/wireless-mikrofonski-sistemi\/"},"modified":"2024-08-02T14:52:46","modified_gmt":"2024-08-02T12:52:46","slug":"wireless-mikrofonski-sistemi","status":"publish","type":"page","link":"https:\/\/mediapark.hr\/en\/audio-rental\/wireless-mikrofonski-sistemi\/","title":{"rendered":"WIRELESS MIKROFONSKI SISTEMI"},"content":{"rendered":"<section class=\"align wp-block-acf-fotkalijevotekstdesno\" >\r\n<div class=\"row justify-content-center\">\r\n<div class=\"col-lg-6 col-md-6 col-12 outer fotka\">\r\n<div class=\"innerWrap\">\r\n<figure><img decoding=\"async\" src=\"https:\/\/mediapark.hr\/cms\/wp-content\/uploads\/2024\/05\/WISYCOM-MTP60.jpg\" \/><\/figure>\r\n<\/div><!--\/.innerWrap-->\r\n<\/div><!--\/.outer-->\r\n<div class=\"col-lg-6 col-md-6 col-12 outer tekst\">\r\n<div class=\"innerWrap\">\r\n<div class=\"tekstWrap\">\r\n<h2>WISYCOM MTP60<\/h2>\n<ul>\n<li>mikrofonski bodypack max snage 100mw sa ugra\u0111enim snima\u010dem na micro SD<\/li>\n<li>kontrola putem mobilne aplikacije<\/li>\n<li>mogu\u0107nost uparivanja i rada sa receiverima drugih proizvo\u0111a\u010da<\/li>\n<\/ul>\n<\/div><!--\/.tekstWrap-->\r\n<\/div><!--\/.innerWrap-->\r\n<\/div><!--\/.outer-->\r\n<\/div><!--\/.row-->\r\n<\/section>\n\n<section class=\"align wp-block-acf-fotkalijevotekstdesno\" >\r\n<div class=\"row justify-content-center\">\r\n<div class=\"col-lg-6 col-md-6 col-12 outer fotka\">\r\n<div class=\"innerWrap\">\r\n<figure><img decoding=\"async\" src=\"https:\/\/mediapark.hr\/cms\/wp-content\/uploads\/2024\/05\/WISYCOM-MTP41S.jpg\" \/><\/figure>\r\n<\/div><!--\/.innerWrap-->\r\n<\/div><!--\/.outer-->\r\n<div class=\"col-lg-6 col-md-6 col-12 outer tekst\">\r\n<div class=\"innerWrap\">\r\n<div class=\"tekstWrap\">\r\n<h2>WISYCOM MTP41S<\/h2>\n<\/div><!--\/.tekstWrap-->\r\n<\/div><!--\/.innerWrap-->\r\n<\/div><!--\/.outer-->\r\n<\/div><!--\/.row-->\r\n<\/section>\n\n<section class=\"align wp-block-acf-fotkalijevotekstdesno\" >\r\n<div class=\"row justify-content-center\">\r\n<div class=\"col-lg-6 col-md-6 col-12 outer fotka\">\r\n<div class=\"innerWrap\">\r\n<figure><img decoding=\"async\" src=\"https:\/\/mediapark.hr\/cms\/wp-content\/uploads\/2024\/08\/mpr16-new_00000.jpg\" \/><\/figure>\r\n<\/div><!--\/.innerWrap-->\r\n<\/div><!--\/.outer-->\r\n<div class=\"col-lg-6 col-md-6 col-12 outer tekst\">\r\n<div class=\"innerWrap\">\r\n<div class=\"tekstWrap\">\r\n<h2>WISYCOM MCR54 + MRK16 RECEIVER<\/h2>\n<ul>\n<li>4 &#8211; 16 channel microphone receivers with antenna amplifiers and splitters<\/li>\n<li><span style=\"background-color: var(--bs-body-bg); text-align: var(--bs-body-text-align);\">control via mobile application &#8211; bluetooth<\/span><\/li>\n<li><span style=\"background-color: var(--bs-body-bg); text-align: var(--bs-body-text-align);\">control via &#8220;Wisycom manager&#8221; program for computers &#8211; ethernet<\/span><\/li>\n<li>the possibility of working with transmitters from other manufacturers<\/li>\n<\/ul>\n<\/div><!--\/.tekstWrap-->\r\n<\/div><!--\/.innerWrap-->\r\n<\/div><!--\/.outer-->\r\n<\/div><!--\/.row-->\r\n<\/section>\n\n<section class=\"align wp-block-acf-fotkalijevotekstdesno\" >\r\n<div class=\"row justify-content-center\">\r\n<div class=\"col-lg-6 col-md-6 col-12 outer fotka\">\r\n<div class=\"innerWrap\">\r\n<figure><img decoding=\"async\" src=\"https:\/\/mediapark.hr\/cms\/wp-content\/uploads\/2024\/05\/WISYCOM-MRK980-DUAL-RECEIVER-DANTE.jpg\" \/><\/figure>\r\n<\/div><!--\/.innerWrap-->\r\n<\/div><!--\/.outer-->\r\n<div class=\"col-lg-6 col-md-6 col-12 outer tekst\">\r\n<div class=\"innerWrap\">\r\n<div class=\"tekstWrap\">\r\n<h2>WISYCOM MRK980 &#8211; DUAL RECEIVER DANTE<\/h2>\n<\/div><!--\/.tekstWrap-->\r\n<\/div><!--\/.innerWrap-->\r\n<\/div><!--\/.outer-->\r\n<\/div><!--\/.row-->\r\n<\/section>\n\n<section class=\"align wp-block-acf-fotkalijevotekstdesno\" >\r\n<div class=\"row justify-content-center\">\r\n<div class=\"col-lg-6 col-md-6 col-12 outer fotka\">\r\n<div class=\"innerWrap\">\r\n<figure><img decoding=\"async\" src=\"https:\/\/mediapark.hr\/cms\/wp-content\/uploads\/2024\/05\/WISYCOM-MRK960-DUAL-RECEIVER.jpg\" \/><\/figure>\r\n<\/div><!--\/.innerWrap-->\r\n<\/div><!--\/.outer-->\r\n<div class=\"col-lg-6 col-md-6 col-12 outer tekst\">\r\n<div class=\"innerWrap\">\r\n<div class=\"tekstWrap\">\r\n<h2>WISYCOM MRK960 &#8211; DUAL RECEIVER<\/h2>\n<\/div><!--\/.tekstWrap-->\r\n<\/div><!--\/.innerWrap-->\r\n<\/div><!--\/.outer-->\r\n<\/div><!--\/.row-->\r\n<\/section>\n\n<section class=\"align wp-block-acf-fotkalijevotekstdesno\" >\r\n<div class=\"row justify-content-center\">\r\n<div class=\"col-lg-6 col-md-6 col-12 outer fotka\">\r\n<div class=\"innerWrap\">\r\n<figure><img decoding=\"async\" src=\"https:\/\/mediapark.hr\/cms\/wp-content\/uploads\/2024\/05\/WISYCOM-MRK950-DUAL-RECEIVER.jpg\" \/><\/figure>\r\n<\/div><!--\/.innerWrap-->\r\n<\/div><!--\/.outer-->\r\n<div class=\"col-lg-6 col-md-6 col-12 outer tekst\">\r\n<div class=\"innerWrap\">\r\n<div class=\"tekstWrap\">\r\n<h2>WISYCOM MRK950 &#8211; DUAL RECEIVER<\/h2>\n<\/div><!--\/.tekstWrap-->\r\n<\/div><!--\/.innerWrap-->\r\n<\/div><!--\/.outer-->\r\n<\/div><!--\/.row-->\r\n<\/section>\n\n<section class=\"align wp-block-acf-fotkalijevotekstdesno\" >\r\n<div class=\"row justify-content-center\">\r\n<div class=\"col-lg-6 col-md-6 col-12 outer fotka\">\r\n<div class=\"innerWrap\">\r\n<figure><img decoding=\"async\" src=\"https:\/\/mediapark.hr\/cms\/wp-content\/uploads\/2024\/05\/WISYCOM-MTH-410-SENNHEISER-e845.jpg\" \/><\/figure>\r\n<\/div><!--\/.innerWrap-->\r\n<\/div><!--\/.outer-->\r\n<div class=\"col-lg-6 col-md-6 col-12 outer tekst\">\r\n<div class=\"innerWrap\">\r\n<div class=\"tekstWrap\">\r\n<h2>WISYCOM MTH 410 + SENNHEISER e845<\/h2>\n<\/div><!--\/.tekstWrap-->\r\n<\/div><!--\/.innerWrap-->\r\n<\/div><!--\/.outer-->\r\n<\/div><!--\/.row-->\r\n<\/section>\n\n<section class=\"align wp-block-acf-fotkalijevotekstdesno\" >\r\n<div class=\"row justify-content-center\">\r\n<div class=\"col-lg-6 col-md-6 col-12 outer fotka\">\r\n<div class=\"innerWrap\">\r\n<figure><img decoding=\"async\" src=\"https:\/\/mediapark.hr\/cms\/wp-content\/uploads\/2024\/05\/WISYCOM-MTH-400.jpg\" \/><\/figure>\r\n<\/div><!--\/.innerWrap-->\r\n<\/div><!--\/.outer-->\r\n<div class=\"col-lg-6 col-md-6 col-12 outer tekst\">\r\n<div class=\"innerWrap\">\r\n<div class=\"tekstWrap\">\r\n<h2>WISYCOM MTH 400<\/h2>\n<\/div><!--\/.tekstWrap-->\r\n<\/div><!--\/.innerWrap-->\r\n<\/div><!--\/.outer-->\r\n<\/div><!--\/.row-->\r\n<\/section>\n\n<section class=\"align wp-block-acf-fotkalijevotekstdesno\" >\r\n<div class=\"row justify-content-center\">\r\n<div class=\"col-lg-6 col-md-6 col-12 outer fotka\">\r\n<div class=\"innerWrap\">\r\n<figure><img decoding=\"async\" src=\"https:\/\/mediapark.hr\/cms\/wp-content\/uploads\/2024\/05\/SENNHEISER-SK500-G4.jpg\" \/><\/figure>\r\n<\/div><!--\/.innerWrap-->\r\n<\/div><!--\/.outer-->\r\n<div class=\"col-lg-6 col-md-6 col-12 outer tekst\">\r\n<div class=\"innerWrap\">\r\n<div class=\"tekstWrap\">\r\n<h2>SENNHEISER SK500 G4<\/h2>\n<\/div><!--\/.tekstWrap-->\r\n<\/div><!--\/.innerWrap-->\r\n<\/div><!--\/.outer-->\r\n<\/div><!--\/.row-->\r\n<\/section>\n\n<section class=\"align wp-block-acf-fotkalijevotekstdesno\" >\r\n<div class=\"row justify-content-center\">\r\n<div class=\"col-lg-6 col-md-6 col-12 outer fotka\">\r\n<div class=\"innerWrap\">\r\n<figure><img decoding=\"async\" src=\"https:\/\/mediapark.hr\/cms\/wp-content\/uploads\/2024\/05\/SENNHEISER-SK-2000.jpg\" \/><\/figure>\r\n<\/div><!--\/.innerWrap-->\r\n<\/div><!--\/.outer-->\r\n<div class=\"col-lg-6 col-md-6 col-12 outer tekst\">\r\n<div class=\"innerWrap\">\r\n<div class=\"tekstWrap\">\r\n<h2>SENNHEISER SK-2000<\/h2>\n<p>&nbsp;<\/p>\n<\/div><!--\/.tekstWrap-->\r\n<\/div><!--\/.innerWrap-->\r\n<\/div><!--\/.outer-->\r\n<\/div><!--\/.row-->\r\n<\/section>\n\n<section class=\"align wp-block-acf-fotkalijevotekstdesno\" >\r\n<div class=\"row justify-content-center\">\r\n<div class=\"col-lg-6 col-md-6 col-12 outer fotka\">\r\n<div class=\"innerWrap\">\r\n<figure><img decoding=\"async\" src=\"https:\/\/mediapark.hr\/cms\/wp-content\/uploads\/2024\/05\/SENNHEISER-EM-2050-DUAL-RECEIVER.jpg\" \/><\/figure>\r\n<\/div><!--\/.innerWrap-->\r\n<\/div><!--\/.outer-->\r\n<div class=\"col-lg-6 col-md-6 col-12 outer tekst\">\r\n<div class=\"innerWrap\">\r\n<div class=\"tekstWrap\">\r\n<h2>SENNHEISER EM 2050- DUAL RECEIVER<\/h2>\n<\/div><!--\/.tekstWrap-->\r\n<\/div><!--\/.innerWrap-->\r\n<\/div><!--\/.outer-->\r\n<\/div><!--\/.row-->\r\n<\/section>\n\n<section class=\"align wp-block-acf-fotkalijevotekstdesno\" >\r\n<div class=\"row justify-content-center\">\r\n<div class=\"col-lg-6 col-md-6 col-12 outer fotka\">\r\n<div class=\"innerWrap\">\r\n<figure><img decoding=\"async\" src=\"https:\/\/mediapark.hr\/cms\/wp-content\/uploads\/2024\/05\/SENNHEISER-500-G4-RECEIVER.jpg\" \/><\/figure>\r\n<\/div><!--\/.innerWrap-->\r\n<\/div><!--\/.outer-->\r\n<div class=\"col-lg-6 col-md-6 col-12 outer tekst\">\r\n<div class=\"innerWrap\">\r\n<div class=\"tekstWrap\">\r\n<h2>SENNHEISER 500 G4 &#8211; RECEIVER<\/h2>\n<\/div><!--\/.tekstWrap-->\r\n<\/div><!--\/.innerWrap-->\r\n<\/div><!--\/.outer-->\r\n<\/div><!--\/.row-->\r\n<\/section>\n\n<section class=\"align wp-block-acf-fotkalijevotekstdesno\" >\r\n<div class=\"row justify-content-center\">\r\n<div class=\"col-lg-6 col-md-6 col-12 outer fotka\">\r\n<div class=\"innerWrap\">\r\n<figure><img decoding=\"async\" src=\"https:\/\/mediapark.hr\/cms\/wp-content\/uploads\/2024\/05\/SENNHEISER-500-G4-965_00000.jpg\" \/><\/figure>\r\n<\/div><!--\/.innerWrap-->\r\n<\/div><!--\/.outer-->\r\n<div class=\"col-lg-6 col-md-6 col-12 outer tekst\">\r\n<div class=\"innerWrap\">\r\n<div class=\"tekstWrap\">\r\n<h2>SENNHEISER 500 G4-965<\/h2>\n<\/div><!--\/.tekstWrap-->\r\n<\/div><!--\/.innerWrap-->\r\n<\/div><!--\/.outer-->\r\n<\/div><!--\/.row-->\r\n<\/section>\n\n<section class=\"align wp-block-acf-fotkalijevotekstdesno\" >\r\n<div class=\"row justify-content-center\">\r\n<div class=\"col-lg-6 col-md-6 col-12 outer fotka\">\r\n<div class=\"innerWrap\">\r\n<figure><img decoding=\"async\" src=\"https:\/\/mediapark.hr\/cms\/wp-content\/uploads\/2024\/05\/SENNHEISER-SKM-2000.jpg\" \/><\/figure>\r\n<\/div><!--\/.innerWrap-->\r\n<\/div><!--\/.outer-->\r\n<div class=\"col-lg-6 col-md-6 col-12 outer tekst\">\r\n<div class=\"innerWrap\">\r\n<div class=\"tekstWrap\">\r\n<h2>SENNHEISER SKM 2000<\/h2>\n<\/div><!--\/.tekstWrap-->\r\n<\/div><!--\/.innerWrap-->\r\n<\/div><!--\/.outer-->\r\n<\/div><!--\/.row-->\r\n<\/section>","protected":false},"excerpt":{"rendered":"","protected":false},"author":1,"featured_media":958,"parent":838,"menu_order":0,"comment_status":"closed","ping_status":"closed","template":"template-blokovi.php","meta":{"_acf_changed":false,"slim_seo":{"title":"WIRELESS MIKROFONSKI SISTEMI - Mediapark","description":""},"footnotes":""},"class_list":["post-855","page","type-page","status-publish","has-post-thumbnail","hentry"],"acf":[],"_links":{"self":[{"href":"https:\/\/mediapark.hr\/en\/wp-json\/wp\/v2\/pages\/855","targetHints":{"allow":["GET"]}}],"collection":[{"href":"https:\/\/mediapark.hr\/en\/wp-json\/wp\/v2\/pages"}],"about":[{"href":"https:\/\/mediapark.hr\/en\/wp-json\/wp\/v2\/types\/page"}],"author":[{"embeddable":true,"href":"https:\/\/mediapark.hr\/en\/wp-json\/wp\/v2\/users\/1"}],"replies":[{"embeddable":true,"href":"https:\/\/mediapark.hr\/en\/wp-json\/wp\/v2\/comments?post=855"}],"version-history":[{"count":10,"href":"https:\/\/mediapark.hr\/en\/wp-json\/wp\/v2\/pages\/855\/revisions"}],"predecessor-version":[{"id":1368,"href":"https:\/\/mediapark.hr\/en\/wp-json\/wp\/v2\/pages\/855\/revisions\/1368"}],"up":[{"embeddable":true,"href":"https:\/\/mediapark.hr\/en\/wp-json\/wp\/v2\/pages\/838"}],"wp:featuredmedia":[{"embeddable":true,"href":"https:\/\/mediapark.hr\/en\/wp-json\/wp\/v2\/media\/958"}],"wp:attachment":[{"href":"https:\/\/mediapark.hr\/en\/wp-json\/wp\/v2\/media?parent=855"}],"curies":[{"name":"wp","href":"https:\/\/api.w.org\/{rel}","templated":true}]}}